{"id":5289,"date":"2024-02-21T15:06:54","date_gmt":"2024-02-21T20:06:54","guid":{"rendered":"https:\/\/prestigo.ca\/kalimba-biography\/"},"modified":"2024-04-08T13:34:56","modified_gmt":"2024-04-08T13:34:56","slug":"kalimba-biography","status":"publish","type":"page","link":"https:\/\/prestigo.ca\/en\/kalimba\/kalimba-biography\/","title":{"rendered":"Kalimba &#8211; Biography"},"content":{"rendered":"\t\t<div data-elementor-type=\"wp-page\" data-elementor-id=\"5289\" class=\"elementor elementor-5289 elementor-2082\">\n\t\t\t\t\t\t<section class=\"elementor-section elementor-top-section elementor-element elementor-element-6e3449cb elementor-section-boxed elementor-section-height-default elementor-section-height-default\" data-id=\"6e3449cb\" data-element_type=\"section\" data-e-type=\"section\" data-settings=\"{&quot;jet_parallax_layout_list&quot;:[{&quot;jet_parallax_layout_image&quot;:{&quot;url&quot;:&quot;&quot;,&quot;id&quot;:&quot;&quot;,&quot;size&quot;:&quot;&quot;},&quot;_id&quot;:&quot;f850680&quot;,&quot;jet_parallax_layout_image_tablet&quot;:{&quot;url&quot;:&quot;&quot;,&quot;id&quot;:&quot;&quot;,&quot;size&quot;:&quot;&quot;},&quot;jet_parallax_layout_image_mobile&quot;:{&quot;url&quot;:&quot;&quot;,&quot;id&quot;:&quot;&quot;,&quot;size&quot;:&quot;&quot;},&quot;jet_parallax_layout_speed&quot;:{&quot;unit&quot;:&quot;%&quot;,&quot;size&quot;:&quot;50&quot;,&quot;sizes&quot;:[]},&quot;jet_parallax_layout_bg_x&quot;:&quot;50&quot;,&quot;jet_parallax_layout_bg_y&quot;:&quot;50&quot;,&quot;jet_parallax_layout_type&quot;:&quot;scroll&quot;,&quot;jet_parallax_layout_direction&quot;:&quot;1&quot;,&quot;jet_parallax_layout_fx_direction&quot;:null,&quot;jet_parallax_layout_z_index&quot;:&quot;&quot;,&quot;jet_parallax_layout_bg_x_tablet&quot;:&quot;&quot;,&quot;jet_parallax_layout_bg_x_mobile&quot;:&quot;&quot;,&quot;jet_parallax_layout_bg_y_tablet&quot;:&quot;&quot;,&quot;jet_parallax_layout_bg_y_mobile&quot;:&quot;&quot;,&quot;jet_parallax_layout_bg_size&quot;:&quot;auto&quot;,&quot;jet_parallax_layout_bg_size_tablet&quot;:&quot;&quot;,&quot;jet_parallax_layout_bg_size_mobile&quot;:&quot;&quot;,&quot;jet_parallax_layout_animation_prop&quot;:&quot;transform&quot;,&quot;jet_parallax_layout_on&quot;:[&quot;desktop&quot;,&quot;tablet&quot;]}],&quot;background_background&quot;:&quot;classic&quot;}\">\n\t\t\t\t\t\t<div class=\"elementor-container elementor-column-gap-no\">\n\t\t\t\t\t<div class=\"elementor-column elementor-col-100 elementor-top-column elementor-element elementor-element-7479c47c\" data-id=\"7479c47c\" data-element_type=\"column\" data-e-type=\"column\">\n\t\t\t<div class=\"elementor-widget-wrap elementor-element-populated\">\n\t\t\t\t\t\t<div class=\"elementor-element elementor-element-7eba7749 elementor-widget elementor-widget-heading\" data-id=\"7eba7749\" data-element_type=\"widget\" data-e-type=\"widget\" data-widget_type=\"heading.default\">\n\t\t\t\t<div class=\"elementor-widget-container\">\n\t\t\t\t\t<h1 class=\"elementor-heading-title elementor-size-default\">biography<\/h1>\t\t\t\t<\/div>\n\t\t\t\t<\/div>\n\t\t\t\t\t<\/div>\n\t\t<\/div>\n\t\t\t\t\t<\/div>\n\t\t<\/section>\n\t\t<div class=\"elementor-element elementor-element-057fa59 e-flex e-con-boxed e-con e-parent\" data-id=\"057fa59\" data-element_type=\"container\" data-e-type=\"container\" data-settings=\"{&quot;jet_parallax_layout_list&quot;:[]}\">\n\t\t\t\t\t<div class=\"e-con-inner\">\n\t\t<div class=\"elementor-element elementor-element-f4f0e94 e-con-full e-flex e-con e-child\" data-id=\"f4f0e94\" data-element_type=\"container\" data-e-type=\"container\" data-settings=\"{&quot;jet_parallax_layout_list&quot;:[]}\">\n\t\t\t\t<div class=\"elementor-element elementor-element-a099217 elementor-widget elementor-widget-image\" data-id=\"a099217\" data-element_type=\"widget\" data-e-type=\"widget\" data-widget_type=\"image.default\">\n\t\t\t\t<div class=\"elementor-widget-container\">\n\t\t\t\t\t\t\t\t\t\t\t\t\t\t\t<img fetchpriority=\"high\" decoding=\"async\" width=\"1024\" height=\"769\" src=\"https:\/\/prestigo.ca\/wp-content\/uploads\/2024\/02\/kalimba-bio-1024x769.jpg\" class=\"attachment-large size-large wp-image-4601\" alt=\"\" srcset=\"https:\/\/prestigo.ca\/wp-content\/uploads\/2024\/02\/kalimba-bio-1024x769.jpg 1024w, https:\/\/prestigo.ca\/wp-content\/uploads\/2024\/02\/kalimba-bio-300x225.jpg 300w, https:\/\/prestigo.ca\/wp-content\/uploads\/2024\/02\/kalimba-bio-768x577.jpg 768w, https:\/\/prestigo.ca\/wp-content\/uploads\/2024\/02\/kalimba-bio.jpg 1200w\" sizes=\"(max-width: 1024px) 100vw, 1024px\" title=\"\">\t\t\t\t\t\t\t\t\t\t\t\t\t\t\t<\/div>\n\t\t\t\t<\/div>\n\t\t\t\t<\/div>\n\t\t<div class=\"elementor-element elementor-element-a677448 e-con-full e-flex e-con e-child\" data-id=\"a677448\" data-element_type=\"container\" data-e-type=\"container\" data-settings=\"{&quot;jet_parallax_layout_list&quot;:[]}\">\n\t\t\t\t<div class=\"elementor-element elementor-element-2689eff elementor-widget elementor-widget-text-editor\" data-id=\"2689eff\" data-element_type=\"widget\" data-e-type=\"widget\" data-widget_type=\"text-editor.default\">\n\t\t\t\t<div class=\"elementor-widget-container\">\n\t\t\t\t\t\t\t\t\tAt one year old, Kalimba had the nickname baby sun.\nBetween them, she became a baby storm. A veritable whirlwind of emotions that leaves its mark like a tornado passing through the lives of those around her.\n\nHer first theater? The kitchen\n\nHer first audience? Her family\n\nSociable like her mother, lively like her dad, creative like her grandmother and insecure like her grandfather, this happy mix has made Kalimba a sensitive and dynamic artist who has always invented numbers to perform. to laugh, to move, to share your passion\u2026\n\nWhether dancing, singing or writing songs, Kalimba vibrates to the rhythm of his emotions. From 2012 to 2016, accompanied by her friend DJ Martine Bao, she visited hundreds of cities across Canada to meet thousands of young French-speaking people with whom she shared her passion for music! \t\t\t\t\t\t\t\t<\/div>\n\t\t\t\t<\/div>\n\t\t\t\t<\/div>\n\t\t\t\t\t<\/div>\n\t\t\t\t<\/div>\n\t\t<div class=\"elementor-element elementor-element-521f9c3 e-flex e-con-boxed e-con e-parent\" data-id=\"521f9c3\" data-element_type=\"container\" data-e-type=\"container\" data-settings=\"{&quot;jet_parallax_layout_list&quot;:[]}\">\n\t\t\t\t\t<div class=\"e-con-inner\">\n\t\t<div class=\"elementor-element elementor-element-1d13baa e-con-full e-flex e-con e-child\" data-id=\"1d13baa\" data-element_type=\"container\" data-e-type=\"container\" data-settings=\"{&quot;jet_parallax_layout_list&quot;:[]}\">\n\t\t\t\t<div class=\"elementor-element elementor-element-015fff2 elementor-widget elementor-widget-text-editor\" data-id=\"015fff2\" data-element_type=\"widget\" data-e-type=\"widget\" data-widget_type=\"text-editor.default\">\n\t\t\t\t<div class=\"elementor-widget-container\">\n\t\t\t\t\t\t\t\t\t<p>Her show Au coeur du rhythm has been presented more than 450 times and allowed him to share the songs from his first album throughout the Canadian Francophonie! At the heart of the rhythm was even found on a DVD and carved out a place in the hearts of families.<\/p>\n\t\t\t\t\t\t\t\t<\/div>\n\t\t\t\t<\/div>\n\t\t\t\t<\/div>\n\t\t<div class=\"elementor-element elementor-element-38058f7 e-con-full e-flex e-con e-child\" data-id=\"38058f7\" data-element_type=\"container\" data-e-type=\"container\" data-settings=\"{&quot;jet_parallax_layout_list&quot;:[]}\">\n\t\t\t\t<div class=\"elementor-element elementor-element-34e09d1 elementor-widget elementor-widget-text-editor\" data-id=\"34e09d1\" data-element_type=\"widget\" data-e-type=\"widget\" data-widget_type=\"text-editor.default\">\n\t\t\t\t<div class=\"elementor-widget-container\">\n\t\t\t\t\t\t\t\t\t\nIn 2016, Kalimba experienced a life-changing event: a move! Despite the immense challenge she had to face, the change of house, neighborhood, teacher and friends inspired her more than ever; The new show \u00c7a D\u00e9m\u00e9nage saw the light of day at the beginning of 2017, with 10 new compositions that can be found on his second album which \u201cD\u00e9m\u00e9nage\u201d more than ever!\n\n2023 is the year of great achievements! Kalimba grows, changes, transforms and discovers its brand new face. Thanks to everything around her and especially with the help of her instruments, she composes new songs to face the difficulties that present themselves to her at any time of the day! With inexhaustible energy, she manages to transmit her passion, share her tips on a daily basis and encourage everyone she meets to do the same!\t\t\t\t\t\t\t\t<\/div>\n\t\t\t\t<\/div>\n\t\t\t\t<div class=\"elementor-element elementor-element-52491e5 elementor-widget elementor-widget-text-editor\" data-id=\"52491e5\" data-element_type=\"widget\" data-e-type=\"widget\" data-widget_type=\"text-editor.default\">\n\t\t\t\t<div class=\"elementor-widget-container\">\n\t\t\t\t\t\t\t\t\t<p><em>Kalimba is a colorful, creative and sensitive character who vibrates night and day to the rhythm of the young people around her.<\/em><\/p>\n\t\t\t\t\t\t\t\t<\/div>\n\t\t\t\t<\/div>\n\t\t\t\t<\/div>\n\t\t\t\t\t<\/div>\n\t\t\t\t<\/div>\n\t\t\t\t<\/div>\n\t\t","protected":false},"excerpt":{"rendered":"<p>Duis aute irure dolor in reprehenderit in voluptate velit esse cillum dolor fugiat nullaariatusi.<\/p>\n","protected":false},"author":1,"featured_media":4391,"parent":5285,"menu_order":0,"comment_status":"closed","ping_status":"closed","template":"full-width.php","meta":{"_acf_changed":false,"footnotes":""},"categories":[72],"tags":[],"class_list":["post-5289","page","type-page","status-publish","has-post-thumbnail","hentry","category-artist"],"acf":[],"_links":{"self":[{"href":"https:\/\/prestigo.ca\/en\/wp-json\/wp\/v2\/pages\/5289","targetHints":{"allow":["GET"]}}],"collection":[{"href":"https:\/\/prestigo.ca\/en\/wp-json\/wp\/v2\/pages"}],"about":[{"href":"https:\/\/prestigo.ca\/en\/wp-json\/wp\/v2\/types\/page"}],"author":[{"embeddable":true,"href":"https:\/\/prestigo.ca\/en\/wp-json\/wp\/v2\/users\/1"}],"replies":[{"embeddable":true,"href":"https:\/\/prestigo.ca\/en\/wp-json\/wp\/v2\/comments?post=5289"}],"version-history":[{"count":0,"href":"https:\/\/prestigo.ca\/en\/wp-json\/wp\/v2\/pages\/5289\/revisions"}],"up":[{"embeddable":true,"href":"https:\/\/prestigo.ca\/en\/wp-json\/wp\/v2\/pages\/5285"}],"wp:featuredmedia":[{"embeddable":true,"href":"https:\/\/prestigo.ca\/en\/wp-json\/wp\/v2\/media\/4391"}],"wp:attachment":[{"href":"https:\/\/prestigo.ca\/en\/wp-json\/wp\/v2\/media?parent=5289"}],"wp:term":[{"taxonomy":"category","embeddable":true,"href":"https:\/\/prestigo.ca\/en\/wp-json\/wp\/v2\/categories?post=5289"},{"taxonomy":"post_tag","embeddable":true,"href":"https:\/\/prestigo.ca\/en\/wp-json\/wp\/v2\/tags?post=5289"}],"curies":[{"name":"wp","href":"https:\/\/api.w.org\/{rel}","templated":true}]}}